{"id":147,"date":"2016-01-27T12:22:10","date_gmt":"2016-01-27T12:22:10","guid":{"rendered":"http:\/\/xxicnim.umh.es\/?page_id=147"},"modified":"2016-01-27T12:22:52","modified_gmt":"2016-01-27T12:22:52","slug":"iii-premio-aeim-tesis-doctoral","status":"publish","type":"page","link":"https:\/\/xxicnim.umh.es\/en\/iii-premio-aeim-tesis-doctoral\/","title":{"rendered":"III Premio AEIM a la mejor Tesis Doctoral"},"content":{"rendered":"<p style=\"text-align: justify;\">La Asociaci\u00f3n Espa\u00f1ola de Ingenier\u00eda Mec\u00e1nica convoca el III Premio AEIM a los mejores trabajos de investigaci\u00f3n dirigidos a la consecuci\u00f3n de una Tesis Doctoral en el \u00e1mbito de la Ingenier\u00eda Mec\u00e1nica.<\/p>\n<blockquote><p><span style=\"color: #000080;\"><em><strong>FORMULARIO DE PRESENTACI\u00d3N III PREMIO AEIM TESIS\u00a0DOCTORAL<\/strong><\/em><\/span><\/p>\n<ul>\n<li><span style=\"color: #000080;\"><em>Nombre del autor:<\/em><\/span><\/li>\n<li><span style=\"color: #000080;\"><em>Direcci\u00f3n:<\/em><\/span><\/li>\n<li><span style=\"color: #000080;\"><em>Tel\u00e9fono:<\/em><\/span><\/li>\n<li><span style=\"color: #000080;\"><em>E-mail:<\/em><\/span><\/li>\n<li><span style=\"color: #000080;\"><em>T\u00edtulo del trabajo presentado:<\/em><\/span><\/li>\n<li><span style=\"color: #000080;\"><em>Nombre del director:<\/em><\/span><\/li>\n<li><span style=\"color: #000080;\"><em>Universidad:<\/em><\/span><\/li>\n<li><span style=\"color: #000080;\"><em>Fecha de defensa de la Tesis Doctoral:<\/em><\/span><\/li>\n<li><span style=\"color: #000080;\"><em>Calificaci\u00f3n otorgada:<\/em><\/span><\/li>\n<\/ul>\n<\/blockquote>\n<p style=\"text-align: justify;\">Los candidatos deber\u00e1n cumplimentar el formulario de participaci\u00f3n anterior\u00a0y remitirlo a la direcci\u00f3n <a href=\"mailto:xxicnim@goumh.umh.es\" target=\"_blank\">xxicnim@goumh.umh.es<\/a>\u00a0junto con la siguiente documentaci\u00f3n (toda la documentaci\u00f3n se puede empaquetar en un archivo ZIP o RAR):<\/p>\n<ol style=\"text-align: justify;\">\n<li>Documentaci\u00f3n acreditativa, expedida por la Instituci\u00f3n acad\u00e9mica en donde se haya defendido la Tesis Doctoral, en la que conste el t\u00edtulo, el autor, el director o directores, la fecha de la defensa, los miembros del tribunal y la calificaci\u00f3n otorgada.<\/li>\n<li>Un ejemplar, en formato pdf, de una comunicaci\u00f3n relacionada con la tem\u00e1tica de la Tesis remitida para su aceptaci\u00f3n en el XXI CNIM y\/o justificante de su recepci\u00f3n por parte del comit\u00e9 organizador. En el caso de que el candidato hubiera participado en ediciones anteriores del CNIM, presentado resultados vinculados con la Tesis, podr\u00e1 optar por remitir al jurado una copia de la comunicaci\u00f3n o comunicaciones indicando claramente la edici\u00f3n del correspondiente CNIM en el que fueron presentadas.<\/li>\n<li>Resumen del trabajo de Tesis, estructurado seg\u00fan los apartados tradicionales de una Tesis Doctoral.<\/li>\n<li>Relaci\u00f3n cronol\u00f3gica de los m\u00e9ritos relacionados con la Tesis:<\/li>\n<\/ol>\n<p style=\"padding-left: 90px;\">&#8211; Publicaciones del autor relacionadas con la Tesis, indicando claramente cu\u00e1l es la relaci\u00f3n del autor con cada publicaci\u00f3n.<\/p>\n<p style=\"padding-left: 90px;\">&#8211; Transferencia tecnol\u00f3gica a la empresa: debe indicarse si se trata de una mejora o nuevo dise\u00f1o de un componente o un sistema mec\u00e1nico, su incidencia econ\u00f3mica en la empresa, existencia de patentes, presupuesto del contrato, ubicar el trabajo de la Tesis en el conjunto del proyecto tratando de reflejar su cuota de valor.<\/p>\n<p style=\"padding-left: 90px;\">&#8211; Cualquier otra informaci\u00f3n que pueda incluirse como m\u00e9rito (referencias al trabajo por parte de otros investigadores, proyectos institucionales, etc.)<\/p>\n<ol style=\"text-align: justify;\" start=\"5\">\n<li>Un ejemplar del documento de Tesis Doctoral en formato pdf.<\/li>\n<\/ol>\n","protected":false},"excerpt":{"rendered":"<p>La Asociaci\u00f3n Espa\u00f1ola de Ingenier\u00eda Mec\u00e1nica convoca el III Premio AEIM a los mejores trabajos de investigaci\u00f3n dirigidos a la consecuci\u00f3n de una Tesis Doctoral en el \u00e1mbito de la Ingenier\u00eda Mec\u00e1nica. FORMULARIO DE PRESENTACI\u00d3N III PREMIO AEIM TESIS\u00a0DOCTORAL Nombre del autor: Direcci\u00f3n: Tel\u00e9fono: E-mail: T\u00edtulo del trabajo presentado: Nombre\u2026<\/p>\n<p> <a class=\"continue-reading-link\" href=\"https:\/\/xxicnim.umh.es\/en\/iii-premio-aeim-tesis-doctoral\/\"><span>Continue reading<\/span><i class=\"crycon-right-dir\"><\/i><\/a><\/p>\n","protected":false},"author":1159,"featured_media":0,"parent":0,"menu_order":0,"comment_status":"open","ping_status":"open","template":"","meta":{"_links_to":"","_links_to_target":""},"yoast_head":"<!-- This site is optimized with the Yoast SEO plugin v17.5 - https:\/\/yoast.com\/wordpress\/plugins\/seo\/ -->\n<title>III Premio AEIM a la mejor Tesis Doctoral -<\/title>\n<meta name=\"robots\" content=\"index, follow, max-snippet:-1, max-image-preview:large, max-video-preview:-1\" \/>\n<link rel=\"canonical\" href=\"https:\/\/xxicnim.umh.es\/iii-premio-aeim-tesis-doctoral\/\" \/>\n<meta property=\"og:locale\" content=\"en_US\" \/>\n<meta property=\"og:type\" content=\"article\" \/>\n<meta property=\"og:title\" content=\"III Premio AEIM a la mejor Tesis Doctoral -\" \/>\n<meta property=\"og:description\" content=\"La Asociaci\u00f3n Espa\u00f1ola de Ingenier\u00eda Mec\u00e1nica convoca el III Premio AEIM a los mejores trabajos de investigaci\u00f3n dirigidos a la consecuci\u00f3n de una Tesis Doctoral en el \u00e1mbito de la Ingenier\u00eda Mec\u00e1nica. FORMULARIO DE PRESENTACI\u00d3N III PREMIO AEIM TESIS\u00a0DOCTORAL Nombre del autor: Direcci\u00f3n: Tel\u00e9fono: E-mail: T\u00edtulo del trabajo presentado: Nombre\u2026 Continue reading\" \/>\n<meta property=\"og:url\" content=\"https:\/\/xxicnim.umh.es\/iii-premio-aeim-tesis-doctoral\/\" \/>\n<meta property=\"article:modified_time\" content=\"2016-01-27T12:22:52+00:00\" \/>\n<meta name=\"twitter:card\" content=\"summary\" \/>\n<meta name=\"twitter:label1\" content=\"Est. reading time\" \/>\n\t<meta name=\"twitter:data1\" content=\"2 minutes\" \/>\n<script type=\"application\/ld+json\" class=\"yoast-schema-graph\">{\"@context\":\"https:\/\/schema.org\",\"@graph\":[{\"@type\":\"WebSite\",\"@id\":\"https:\/\/xxicnim.umh.es\/#website\",\"url\":\"https:\/\/xxicnim.umh.es\/\",\"name\":\"\",\"description\":\"\",\"potentialAction\":[{\"@type\":\"SearchAction\",\"target\":{\"@type\":\"EntryPoint\",\"urlTemplate\":\"https:\/\/xxicnim.umh.es\/?s={search_term_string}\"},\"query-input\":\"required name=search_term_string\"}],\"inLanguage\":\"en-US\"},{\"@type\":\"WebPage\",\"@id\":\"https:\/\/xxicnim.umh.es\/iii-premio-aeim-tesis-doctoral\/#webpage\",\"url\":\"https:\/\/xxicnim.umh.es\/iii-premio-aeim-tesis-doctoral\/\",\"name\":\"III Premio AEIM a la mejor Tesis Doctoral -\",\"isPartOf\":{\"@id\":\"https:\/\/xxicnim.umh.es\/#website\"},\"datePublished\":\"2016-01-27T12:22:10+00:00\",\"dateModified\":\"2016-01-27T12:22:52+00:00\",\"breadcrumb\":{\"@id\":\"https:\/\/xxicnim.umh.es\/iii-premio-aeim-tesis-doctoral\/#breadcrumb\"},\"inLanguage\":\"en-US\",\"potentialAction\":[{\"@type\":\"ReadAction\",\"target\":[\"https:\/\/xxicnim.umh.es\/iii-premio-aeim-tesis-doctoral\/\"]}]},{\"@type\":\"BreadcrumbList\",\"@id\":\"https:\/\/xxicnim.umh.es\/iii-premio-aeim-tesis-doctoral\/#breadcrumb\",\"itemListElement\":[{\"@type\":\"ListItem\",\"position\":1,\"name\":\"Portada\",\"item\":\"https:\/\/xxicnim.umh.es\/\"},{\"@type\":\"ListItem\",\"position\":2,\"name\":\"III Premio AEIM a la mejor Tesis Doctoral\"}]}]}<\/script>\n<!-- \/ Yoast SEO plugin. -->","yoast_head_json":{"title":"III Premio AEIM a la mejor Tesis Doctoral -","robots":{"index":"index","follow":"follow","max-snippet":"max-snippet:-1","max-image-preview":"max-image-preview:large","max-video-preview":"max-video-preview:-1"},"canonical":"https:\/\/xxicnim.umh.es\/iii-premio-aeim-tesis-doctoral\/","og_locale":"en_US","og_type":"article","og_title":"III Premio AEIM a la mejor Tesis Doctoral -","og_description":"La Asociaci\u00f3n Espa\u00f1ola de Ingenier\u00eda Mec\u00e1nica convoca el III Premio AEIM a los mejores trabajos de investigaci\u00f3n dirigidos a la consecuci\u00f3n de una Tesis Doctoral en el \u00e1mbito de la Ingenier\u00eda Mec\u00e1nica. FORMULARIO DE PRESENTACI\u00d3N III PREMIO AEIM TESIS\u00a0DOCTORAL Nombre del autor: Direcci\u00f3n: Tel\u00e9fono: E-mail: T\u00edtulo del trabajo presentado: Nombre\u2026 Continue reading","og_url":"https:\/\/xxicnim.umh.es\/iii-premio-aeim-tesis-doctoral\/","article_modified_time":"2016-01-27T12:22:52+00:00","twitter_card":"summary","twitter_misc":{"Est. reading time":"2 minutes"},"schema":{"@context":"https:\/\/schema.org","@graph":[{"@type":"WebSite","@id":"https:\/\/xxicnim.umh.es\/#website","url":"https:\/\/xxicnim.umh.es\/","name":"","description":"","potentialAction":[{"@type":"SearchAction","target":{"@type":"EntryPoint","urlTemplate":"https:\/\/xxicnim.umh.es\/?s={search_term_string}"},"query-input":"required name=search_term_string"}],"inLanguage":"en-US"},{"@type":"WebPage","@id":"https:\/\/xxicnim.umh.es\/iii-premio-aeim-tesis-doctoral\/#webpage","url":"https:\/\/xxicnim.umh.es\/iii-premio-aeim-tesis-doctoral\/","name":"III Premio AEIM a la mejor Tesis Doctoral -","isPartOf":{"@id":"https:\/\/xxicnim.umh.es\/#website"},"datePublished":"2016-01-27T12:22:10+00:00","dateModified":"2016-01-27T12:22:52+00:00","breadcrumb":{"@id":"https:\/\/xxicnim.umh.es\/iii-premio-aeim-tesis-doctoral\/#breadcrumb"},"inLanguage":"en-US","potentialAction":[{"@type":"ReadAction","target":["https:\/\/xxicnim.umh.es\/iii-premio-aeim-tesis-doctoral\/"]}]},{"@type":"BreadcrumbList","@id":"https:\/\/xxicnim.umh.es\/iii-premio-aeim-tesis-doctoral\/#breadcrumb","itemListElement":[{"@type":"ListItem","position":1,"name":"Portada","item":"https:\/\/xxicnim.umh.es\/"},{"@type":"ListItem","position":2,"name":"III Premio AEIM a la mejor Tesis Doctoral"}]}]}},"_links":{"self":[{"href":"https:\/\/xxicnim.umh.es\/en\/wp-json\/wp\/v2\/pages\/147"}],"collection":[{"href":"https:\/\/xxicnim.umh.es\/en\/wp-json\/wp\/v2\/pages"}],"about":[{"href":"https:\/\/xxicnim.umh.es\/en\/wp-json\/wp\/v2\/types\/page"}],"author":[{"embeddable":true,"href":"https:\/\/xxicnim.umh.es\/en\/wp-json\/wp\/v2\/users\/1159"}],"replies":[{"embeddable":true,"href":"https:\/\/xxicnim.umh.es\/en\/wp-json\/wp\/v2\/comments?post=147"}],"version-history":[{"count":0,"href":"https:\/\/xxicnim.umh.es\/en\/wp-json\/wp\/v2\/pages\/147\/revisions"}],"wp:attachment":[{"href":"https:\/\/xxicnim.umh.es\/en\/wp-json\/wp\/v2\/media?parent=147"}],"curies":[{"name":"wp","href":"https:\/\/api.w.org\/{rel}","templated":true}]}}